{"id":2161,"date":"2020-09-30T17:30:12","date_gmt":"2020-09-30T17:30:12","guid":{"rendered":"https:\/\/aupetitboise.com\/product\/gelee-de-gadelles-250ml-red-currant-jelly\/"},"modified":"2021-02-01T09:58:55","modified_gmt":"2021-02-01T09:58:55","slug":"gelee-de-gadelles-250ml-red-currant-jelly","status":"publish","type":"product","link":"https:\/\/aupetitboise.com\/fr\/produit\/gelee-de-gadelles-250ml-red-currant-jelly\/","title":{"rendered":"Gel\u00e9e de gadelles-250ml-Red Currant Jelly"},"content":{"rendered":"<p><img loading=\"lazy\" decoding=\"async\" class=\"alignnone size-medium wp-image-2110\" src=\"https:\/\/aupetitboise.com\/wp-content\/uploads\/IMG_3363-400x300.jpg\" alt=\"\" width=\"400\" height=\"300\" srcset=\"https:\/\/aupetitboise.com\/wp-content\/uploads\/IMG_3363-400x300.jpg 400w, https:\/\/aupetitboise.com\/wp-content\/uploads\/IMG_3363-1024x768.jpg 1024w, https:\/\/aupetitboise.com\/wp-content\/uploads\/IMG_3363-768x576.jpg 768w, https:\/\/aupetitboise.com\/wp-content\/uploads\/IMG_3363-1536x1152.jpg 1536w, https:\/\/aupetitboise.com\/wp-content\/uploads\/IMG_3363-2048x1536.jpg 2048w, https:\/\/aupetitboise.com\/wp-content\/uploads\/IMG_3363-600x450.jpg 600w\" sizes=\"auto, (max-width: 400px) 100vw, 400px\" \/><\/p>\n<p>Seulement 2 ingr\u00e9dients: Gadelles de notre for\u00eat nourrici\u00e8re et sucre de canne biologique.<\/p>\n","protected":false},"excerpt":{"rendered":"<p>Seulement 2 ingr\u00e9dients: Gadelles de notre for\u00eat nourrici\u00e8re et sucre de canne biologique.<\/p>\n","protected":false},"featured_media":2101,"template":"","meta":{"_genesis_hide_title":false,"_genesis_hide_breadcrumbs":false,"_genesis_hide_singular_image":false,"_genesis_hide_footer_widgets":false,"_genesis_custom_body_class":"","_genesis_custom_post_class":"","_genesis_layout":""},"product_brand":[],"product_cat":[64],"product_tag":[],"class_list":{"0":"post-2161","1":"product","2":"type-product","3":"status-publish","4":"has-post-thumbnail","6":"product_cat-provisions-fr","7":"entry","9":"first","10":"instock","11":"taxable","12":"shipping-taxable","13":"purchasable","14":"product-type-simple"},"_links":{"self":[{"href":"https:\/\/aupetitboise.com\/fr\/wp-json\/wp\/v2\/product\/2161","targetHints":{"allow":["GET"]}}],"collection":[{"href":"https:\/\/aupetitboise.com\/fr\/wp-json\/wp\/v2\/product"}],"about":[{"href":"https:\/\/aupetitboise.com\/fr\/wp-json\/wp\/v2\/types\/product"}],"wp:featuredmedia":[{"embeddable":true,"href":"https:\/\/aupetitboise.com\/fr\/wp-json\/wp\/v2\/media\/2101"}],"wp:attachment":[{"href":"https:\/\/aupetitboise.com\/fr\/wp-json\/wp\/v2\/media?parent=2161"}],"wp:term":[{"taxonomy":"product_brand","embeddable":true,"href":"https:\/\/aupetitboise.com\/fr\/wp-json\/wp\/v2\/product_brand?post=2161"},{"taxonomy":"product_cat","embeddable":true,"href":"https:\/\/aupetitboise.com\/fr\/wp-json\/wp\/v2\/product_cat?post=2161"},{"taxonomy":"product_tag","embeddable":true,"href":"https:\/\/aupetitboise.com\/fr\/wp-json\/wp\/v2\/product_tag?post=2161"}],"curies":[{"name":"wp","href":"https:\/\/api.w.org\/{rel}","templated":true}]}}