{"id":2157,"date":"2020-10-18T13:23:09","date_gmt":"2020-10-18T13:23:09","guid":{"rendered":"https:\/\/aupetitboise.com\/product\/carottes-oranges-5lb\/"},"modified":"2021-02-01T09:58:11","modified_gmt":"2021-02-01T09:58:11","slug":"carottes-oranges-5lb","status":"publish","type":"product","link":"https:\/\/aupetitboise.com\/fr\/produit\/carottes-oranges-5lb\/","title":{"rendered":"Carottes Oranges 5lb"},"content":{"rendered":"","protected":false},"excerpt":{"rendered":"<p>Carottes d&rsquo;entreposage oranges. Comme elles ont pass\u00e9 quelques nuits froides, elles sont super sucr\u00e9es et croquantes. Parfait pour r\u00e2per, cuisiner ou pour les jus.<\/p>\n","protected":false},"featured_media":2130,"template":"","meta":{"_genesis_hide_title":false,"_genesis_hide_breadcrumbs":false,"_genesis_hide_singular_image":false,"_genesis_hide_footer_widgets":false,"_genesis_custom_body_class":"","_genesis_custom_post_class":"","_genesis_layout":""},"product_brand":[],"product_cat":[64],"product_tag":[],"class_list":{"0":"post-2157","1":"product","2":"type-product","3":"status-publish","4":"has-post-thumbnail","6":"product_cat-provisions-fr","7":"entry","9":"first","10":"instock","11":"purchasable","12":"product-type-simple"},"_links":{"self":[{"href":"https:\/\/aupetitboise.com\/fr\/wp-json\/wp\/v2\/product\/2157","targetHints":{"allow":["GET"]}}],"collection":[{"href":"https:\/\/aupetitboise.com\/fr\/wp-json\/wp\/v2\/product"}],"about":[{"href":"https:\/\/aupetitboise.com\/fr\/wp-json\/wp\/v2\/types\/product"}],"wp:featuredmedia":[{"embeddable":true,"href":"https:\/\/aupetitboise.com\/fr\/wp-json\/wp\/v2\/media\/2130"}],"wp:attachment":[{"href":"https:\/\/aupetitboise.com\/fr\/wp-json\/wp\/v2\/media?parent=2157"}],"wp:term":[{"taxonomy":"product_brand","embeddable":true,"href":"https:\/\/aupetitboise.com\/fr\/wp-json\/wp\/v2\/product_brand?post=2157"},{"taxonomy":"product_cat","embeddable":true,"href":"https:\/\/aupetitboise.com\/fr\/wp-json\/wp\/v2\/product_cat?post=2157"},{"taxonomy":"product_tag","embeddable":true,"href":"https:\/\/aupetitboise.com\/fr\/wp-json\/wp\/v2\/product_tag?post=2157"}],"curies":[{"name":"wp","href":"https:\/\/api.w.org\/{rel}","templated":true}]}}