{"id":2155,"date":"2020-10-18T13:32:06","date_gmt":"2020-10-18T13:32:06","guid":{"rendered":"https:\/\/aupetitboise.com\/product\/navets-japonais-hakurei-5lb\/"},"modified":"2021-02-01T09:54:57","modified_gmt":"2021-02-01T09:54:57","slug":"navets-japonais-hakurei-5lb","status":"publish","type":"product","link":"https:\/\/aupetitboise.com\/fr\/produit\/navets-japonais-hakurei-5lb\/","title":{"rendered":"Navets Japonais Hakurei 5lb"},"content":{"rendered":"","protected":false},"excerpt":{"rendered":"<p>Commun\u00e9ment appel\u00e9 Rabiole au Qu\u00e9bec (mais ce n&rsquo;est pas le bon terme). Une heureuse d\u00e9couverte pour plusieurs d&rsquo;entre vous, les <strong>Hakurei<\/strong> se d\u00e9gustent crus ou cuits.<\/p>\n","protected":false},"featured_media":2135,"template":"","meta":{"_genesis_hide_title":false,"_genesis_hide_breadcrumbs":false,"_genesis_hide_singular_image":false,"_genesis_hide_footer_widgets":false,"_genesis_custom_body_class":"","_genesis_custom_post_class":"","_genesis_layout":""},"product_brand":[],"product_cat":[64],"product_tag":[],"class_list":{"0":"post-2155","1":"product","2":"type-product","3":"status-publish","4":"has-post-thumbnail","6":"product_cat-provisions-fr","7":"entry","9":"first","10":"instock","11":"purchasable","12":"product-type-simple"},"_links":{"self":[{"href":"https:\/\/aupetitboise.com\/fr\/wp-json\/wp\/v2\/product\/2155","targetHints":{"allow":["GET"]}}],"collection":[{"href":"https:\/\/aupetitboise.com\/fr\/wp-json\/wp\/v2\/product"}],"about":[{"href":"https:\/\/aupetitboise.com\/fr\/wp-json\/wp\/v2\/types\/product"}],"wp:featuredmedia":[{"embeddable":true,"href":"https:\/\/aupetitboise.com\/fr\/wp-json\/wp\/v2\/media\/2135"}],"wp:attachment":[{"href":"https:\/\/aupetitboise.com\/fr\/wp-json\/wp\/v2\/media?parent=2155"}],"wp:term":[{"taxonomy":"product_brand","embeddable":true,"href":"https:\/\/aupetitboise.com\/fr\/wp-json\/wp\/v2\/product_brand?post=2155"},{"taxonomy":"product_cat","embeddable":true,"href":"https:\/\/aupetitboise.com\/fr\/wp-json\/wp\/v2\/product_cat?post=2155"},{"taxonomy":"product_tag","embeddable":true,"href":"https:\/\/aupetitboise.com\/fr\/wp-json\/wp\/v2\/product_tag?post=2155"}],"curies":[{"name":"wp","href":"https:\/\/api.w.org\/{rel}","templated":true}]}}