{"id":1382,"date":"2019-02-03T10:40:33","date_gmt":"2019-02-03T10:40:33","guid":{"rendered":"https:\/\/aupetitboise.com\/product\/canasta-semanal-o-quincenal\/"},"modified":"2023-01-16T14:13:18","modified_gmt":"2023-01-16T14:13:18","slug":"panier-form","status":"publish","type":"product","link":"https:\/\/aupetitboise.com\/fr\/produit\/panier-form\/","title":{"rendered":"Panier hebdomadaire ou bi-mensuel"},"content":{"rendered":"","protected":false},"excerpt":{"rendered":"<p>S&rsquo;il vous pla\u00eet remplissez ce formulaire pour vous inscrire pour des l\u00e9gumes frais et d\u00e9licieux, livr\u00e9s \u00e0 un point de chute pr\u00e8s de chez vous de la mi-juin \u00e0 la fin octobre.<\/p>\n","protected":false},"featured_media":1383,"template":"","meta":{"_genesis_hide_title":false,"_genesis_hide_breadcrumbs":false,"_genesis_hide_singular_image":false,"_genesis_hide_footer_widgets":false,"_genesis_custom_body_class":"","_genesis_custom_post_class":"","_genesis_layout":""},"product_brand":[],"product_cat":[58],"product_tag":[],"class_list":{"0":"post-1382","1":"product","2":"type-product","3":"status-publish","4":"has-post-thumbnail","6":"product_cat-basket-fr","7":"entry","9":"first","10":"instock","11":"shipping-taxable","12":"purchasable","13":"product-type-variable","14":"has-default-attributes"},"_links":{"self":[{"href":"https:\/\/aupetitboise.com\/fr\/wp-json\/wp\/v2\/product\/1382","targetHints":{"allow":["GET"]}}],"collection":[{"href":"https:\/\/aupetitboise.com\/fr\/wp-json\/wp\/v2\/product"}],"about":[{"href":"https:\/\/aupetitboise.com\/fr\/wp-json\/wp\/v2\/types\/product"}],"wp:featuredmedia":[{"embeddable":true,"href":"https:\/\/aupetitboise.com\/fr\/wp-json\/wp\/v2\/media\/1383"}],"wp:attachment":[{"href":"https:\/\/aupetitboise.com\/fr\/wp-json\/wp\/v2\/media?parent=1382"}],"wp:term":[{"taxonomy":"product_brand","embeddable":true,"href":"https:\/\/aupetitboise.com\/fr\/wp-json\/wp\/v2\/product_brand?post=1382"},{"taxonomy":"product_cat","embeddable":true,"href":"https:\/\/aupetitboise.com\/fr\/wp-json\/wp\/v2\/product_cat?post=1382"},{"taxonomy":"product_tag","embeddable":true,"href":"https:\/\/aupetitboise.com\/fr\/wp-json\/wp\/v2\/product_tag?post=1382"}],"curies":[{"name":"wp","href":"https:\/\/api.w.org\/{rel}","templated":true}]}}