{"id":938,"date":"2014-02-10T18:52:16","date_gmt":"2014-02-10T18:52:16","guid":{"rendered":"http:\/\/aupetitboise.com\/?page_id=938"},"modified":"2018-02-12T20:10:06","modified_gmt":"2018-02-12T20:10:06","slug":"commande-de-semis-2","status":"publish","type":"page","link":"https:\/\/aupetitboise.com\/fr\/semis\/commande-de-semis-2\/","title":{"rendered":"Commande de Semis"},"content":{"rendered":"<p>SVP t\u00e9l\u00e9charger ce formulaire, choisir et remplir les quantit\u00e9s dans la colone verte (le prix se calcule automatiquement) et l&rsquo;envoyer avat le 30 mars aupetitboise@gmail.com<\/p>\n<h3 style=\"text-align: center;\"><a href=\"http:\/\/aupetitboise.com\/wp-content\/uploads\/2018-Commande-Semis.xlsx\">2018-Commande Semis<\/a><\/h3>\n","protected":false},"excerpt":{"rendered":"<p>SVP t\u00e9l\u00e9charger ce formulaire, choisir et remplir les quantit\u00e9s dans la colone verte (le prix se calcule automatiquement) et l&rsquo;envoyer avat le 30 mars aupetitboise@gmail.com 2018-Commande Semis<\/p>\n","protected":false},"author":3,"featured_media":823,"parent":761,"menu_order":0,"comment_status":"open","ping_status":"open","template":"","meta":{"_genesis_hide_title":false,"_genesis_hide_breadcrumbs":false,"_genesis_hide_singular_image":false,"_genesis_hide_footer_widgets":false,"_genesis_custom_body_class":"","_genesis_custom_post_class":"","_genesis_layout":"","footnotes":""},"class_list":{"0":"post-938","1":"page","2":"type-page","3":"status-publish","4":"has-post-thumbnail","6":"entry"},"_links":{"self":[{"href":"https:\/\/aupetitboise.com\/fr\/wp-json\/wp\/v2\/pages\/938","targetHints":{"allow":["GET"]}}],"collection":[{"href":"https:\/\/aupetitboise.com\/fr\/wp-json\/wp\/v2\/pages"}],"about":[{"href":"https:\/\/aupetitboise.com\/fr\/wp-json\/wp\/v2\/types\/page"}],"author":[{"embeddable":true,"href":"https:\/\/aupetitboise.com\/fr\/wp-json\/wp\/v2\/users\/3"}],"replies":[{"embeddable":true,"href":"https:\/\/aupetitboise.com\/fr\/wp-json\/wp\/v2\/comments?post=938"}],"version-history":[{"count":13,"href":"https:\/\/aupetitboise.com\/fr\/wp-json\/wp\/v2\/pages\/938\/revisions"}],"predecessor-version":[{"id":1219,"href":"https:\/\/aupetitboise.com\/fr\/wp-json\/wp\/v2\/pages\/938\/revisions\/1219"}],"up":[{"embeddable":true,"href":"https:\/\/aupetitboise.com\/fr\/wp-json\/wp\/v2\/pages\/761"}],"wp:featuredmedia":[{"embeddable":true,"href":"https:\/\/aupetitboise.com\/fr\/wp-json\/wp\/v2\/media\/823"}],"wp:attachment":[{"href":"https:\/\/aupetitboise.com\/fr\/wp-json\/wp\/v2\/media?parent=938"}],"curies":[{"name":"wp","href":"https:\/\/api.w.org\/{rel}","templated":true}]}}