{"id":761,"date":"2014-01-28T03:46:18","date_gmt":"2014-01-28T03:46:18","guid":{"rendered":"http:\/\/aupetitboise.com\/?page_id=761"},"modified":"2022-03-25T15:54:44","modified_gmt":"2022-03-25T15:54:44","slug":"semis","status":"publish","type":"page","link":"https:\/\/aupetitboise.com\/fr\/semis\/","title":{"rendered":"Semis"},"content":{"rendered":"<p><img loading=\"lazy\" decoding=\"async\" class=\"alignnone size-medium wp-image-1547\" src=\"https:\/\/aupetitboise.com\/wp-content\/uploads\/semis-400x266.jpg\" alt=\"\" width=\"400\" height=\"266\" srcset=\"https:\/\/aupetitboise.com\/wp-content\/uploads\/semis-400x266.jpg 400w, https:\/\/aupetitboise.com\/wp-content\/uploads\/semis-768x511.jpg 768w, https:\/\/aupetitboise.com\/wp-content\/uploads\/semis-1024x681.jpg 1024w, https:\/\/aupetitboise.com\/wp-content\/uploads\/semis-600x399.jpg 600w, https:\/\/aupetitboise.com\/wp-content\/uploads\/semis.jpg 1504w\" sizes=\"auto, (max-width: 400px) 100vw, 400px\" \/><\/p>\n<p>Un jardin r\u00e9ussi d\u00e9pend d&rsquo;une bonne planification, et quel meilleur moment de r\u00eaver aux produits frais que les mois tranquilles de l&rsquo;hiver? Nous vous offrons le service de faire pousser vos semis, avec des graines saines (toutes sans OGM et plusieurs bio) dans un terreau naturel et fertilis\u00e9 avec des algues. Nous avons la chance ici de pouvoir commencer nos semis tr\u00e8s t\u00f4t dans la serre pour que vous puissiez les transplanter apr\u00e8s le risque de gel et profiter d&rsquo;une production h\u00e2tive. Les tomates seront en gros pots, les concombres et courgettes produiront rapidement. Vous devez venir chercher votre commande, qui sera pr\u00eate autour du 24 mai.<\/p>\n<p>Ci-bas vous trouverez un bon de commande en ligne. Vous n&rsquo;avez qu&rsquo;\u00e0 inscrire le nombre d&rsquo;unit\u00e9s, et le calcul du prix se fera automatiquement. SVP passez votre commande avant le 1er avril.<\/p>\n<h3><a href=\"https:\/\/aupetitboise.com\/fr\/semis-form\/\">Commande Semis<\/a><\/h3>\n<p><img loading=\"lazy\" decoding=\"async\" class=\"alignnone size-medium wp-image-1549\" src=\"https:\/\/aupetitboise.com\/wp-content\/uploads\/Semis-verts-400x300.jpg\" alt=\"\" width=\"400\" height=\"300\" srcset=\"https:\/\/aupetitboise.com\/wp-content\/uploads\/Semis-verts-400x300.jpg 400w, https:\/\/aupetitboise.com\/wp-content\/uploads\/Semis-verts-768x576.jpg 768w, https:\/\/aupetitboise.com\/wp-content\/uploads\/Semis-verts-1024x768.jpg 1024w, https:\/\/aupetitboise.com\/wp-content\/uploads\/Semis-verts-600x450.jpg 600w, https:\/\/aupetitboise.com\/wp-content\/uploads\/Semis-verts.jpg 1632w\" sizes=\"auto, (max-width: 400px) 100vw, 400px\" \/><\/p>\n","protected":false},"excerpt":{"rendered":"<p>Un jardin r\u00e9ussi d\u00e9pend d&rsquo;une bonne planification, et quel meilleur moment de r\u00eaver aux produits frais que les mois tranquilles de l&rsquo;hiver? Nous vous offrons le service de faire pousser vos semis, avec des graines saines (toutes sans OGM et plusieurs bio) dans un terreau naturel et fertilis\u00e9 avec des algues. Nous avons la chance [&hellip;]<\/p>\n","protected":false},"author":3,"featured_media":908,"parent":0,"menu_order":0,"comment_status":"open","ping_status":"open","template":"","meta":{"_genesis_hide_title":false,"_genesis_hide_breadcrumbs":false,"_genesis_hide_singular_image":false,"_genesis_hide_footer_widgets":false,"_genesis_custom_body_class":"","_genesis_custom_post_class":"","_genesis_layout":"","footnotes":""},"class_list":{"0":"post-761","1":"page","2":"type-page","3":"status-publish","4":"has-post-thumbnail","6":"entry"},"_links":{"self":[{"href":"https:\/\/aupetitboise.com\/fr\/wp-json\/wp\/v2\/pages\/761","targetHints":{"allow":["GET"]}}],"collection":[{"href":"https:\/\/aupetitboise.com\/fr\/wp-json\/wp\/v2\/pages"}],"about":[{"href":"https:\/\/aupetitboise.com\/fr\/wp-json\/wp\/v2\/types\/page"}],"author":[{"embeddable":true,"href":"https:\/\/aupetitboise.com\/fr\/wp-json\/wp\/v2\/users\/3"}],"replies":[{"embeddable":true,"href":"https:\/\/aupetitboise.com\/fr\/wp-json\/wp\/v2\/comments?post=761"}],"version-history":[{"count":18,"href":"https:\/\/aupetitboise.com\/fr\/wp-json\/wp\/v2\/pages\/761\/revisions"}],"predecessor-version":[{"id":2985,"href":"https:\/\/aupetitboise.com\/fr\/wp-json\/wp\/v2\/pages\/761\/revisions\/2985"}],"wp:featuredmedia":[{"embeddable":true,"href":"https:\/\/aupetitboise.com\/fr\/wp-json\/wp\/v2\/media\/908"}],"wp:attachment":[{"href":"https:\/\/aupetitboise.com\/fr\/wp-json\/wp\/v2\/media?parent=761"}],"curies":[{"name":"wp","href":"https:\/\/api.w.org\/{rel}","templated":true}]}}