{"id":752,"date":"2014-01-28T03:44:37","date_gmt":"2014-01-28T03:44:37","guid":{"rendered":"http:\/\/aupetitboise.com\/?page_id=752"},"modified":"2024-05-02T16:37:34","modified_gmt":"2024-05-02T16:37:34","slug":"panier-2","status":"publish","type":"page","link":"https:\/\/aupetitboise.com\/fr\/panier-2\/","title":{"rendered":"Paniers"},"content":{"rendered":"<p align=\"left\">Veuillez noter que nous avons arr\u00eat\u00e9 nos activit\u00e9s agricoles commerciales.<\/p>\n<p align=\"left\">Connaissez-vous l\u2019agriculture soutenue par la communaut\u00e9 (ASC)? C&rsquo;est comme avoir votre fermier priv\u00e9 qui vous\u00a0 fournira des l\u00e9gumes frais et vari\u00e9s \u00e0 chaque semaine.<\/p>\n<p align=\"left\"><!--more-->L\u2019<b>ASC<\/b> permet un \u00e9change direct entre les producteurs et les consommateurs. Les consommateurs ach\u00e8tent une part de r\u00e9colte en d\u00e9but de saison, et deviennent ainsi partenaires de la ferme. En \u00e9change, la ferme s\u2019engage \u00e0 fournir des produits vari\u00e9s de qualit\u00e9, souvent r\u00e9colt\u00e9s la veille ou le jour m\u00eame.<\/p>\n<p align=\"left\"><a href=\"http:\/\/aupetitboise.com\/wp-content\/uploads\/IMG_0586.jpg\"><img loading=\"lazy\" decoding=\"async\" class=\"alignnone size-medium wp-image-1121\" src=\"http:\/\/aupetitboise.com\/wp-content\/uploads\/IMG_0586-400x300.jpg\" alt=\"IMG_0586\" width=\"400\" height=\"300\" srcset=\"https:\/\/aupetitboise.com\/wp-content\/uploads\/IMG_0586-400x300.jpg 400w, https:\/\/aupetitboise.com\/wp-content\/uploads\/IMG_0586-600x450.jpg 600w, https:\/\/aupetitboise.com\/wp-content\/uploads\/IMG_0586-1024x768.jpg 1024w, https:\/\/aupetitboise.com\/wp-content\/uploads\/IMG_0586.jpg 1632w\" sizes=\"auto, (max-width: 400px) 100vw, 400px\" \/><\/a><\/p>\n<div class=\"basket_list\">\n<div class=\"basket_list_first\">\n<p><strong>D\u00e9but de saison:<\/strong><\/p>\n<ul>\n<li>\u00c9chalotes<\/li>\n<li>Radis<\/li>\n<li>Brocoli<\/li>\n<li>Choux-rave<\/li>\n<li>Bette-\u00e0-carde<\/li>\n<li>Laitue<\/li>\n<li>Pousses de tournesol<\/li>\n<li>Cipollini (oignons frais h\u00e2tifs)<\/li>\n<li>Choux Chinois<\/li>\n<li>Fleurs d&rsquo;ail<\/li>\n<li>Basilic<\/li>\n<li>Kale (choux fris\u00e9)<\/li>\n<\/ul>\n<\/div>\n<div class=\"basket_list_second\">\n<p><strong>Mi-saison:<\/strong><\/p>\n<ul>\n<li>Tomates<\/li>\n<li>Concombres<\/li>\n<li>Zucchinis<\/li>\n<li>Ail frais<\/li>\n<li>Pois sucr\u00e9s<\/li>\n<li>Laitues<\/li>\n<li>Coriandre<\/li>\n<li>Betteraves jaunes et rouges<\/li>\n<li>Carottes avec feuilles<\/li>\n<li>Haricots<\/li>\n<li>Etc\u2026<\/li>\n<\/ul>\n<\/div>\n<div class=\"basket_list_third\">\n<p><strong>Fin de saison:<\/strong><\/p>\n<ul>\n<li>Poireaux<\/li>\n<li>Courge musqu\u00e9e<\/li>\n<li>Poivrons rouges<\/li>\n<li>Onions<\/li>\n<li>Carrottes<\/li>\n<li>Mesclun<\/li>\n<li>\u00c9pinards<\/li>\n<li>Rutabaga<\/li>\n<li>Tomates cerises<\/li>\n<li>Choux<\/li>\n<li>Persil<\/li>\n<li>Fenouil<\/li>\n<li>Chou-fleur Romanesco<\/li>\n<li>Etc\u2026<\/li>\n<\/ul>\n<\/div>\n<\/div>\n<p>Chaque panier contient de 9 \u00e0 12 l\u00e9gumes vari\u00e9s. On ne sait jamais \u00e0 l\u2019avance ce qui sera dans le panier, c\u2019est en quelque sorte une boite \u00e0 surprise \u00e0 chaque semaine.<\/p>\n<p align=\"left\"><b>Dates\u00a0: <\/b>Mi-juin \u00e0 la fin octobre (20 semaines)<\/p>\n<p align=\"left\"><strong>2 choix:<\/strong><\/p>\n<p align=\"left\">-hebdomadaire pour 20 livraisons, 630$ pour la saison<\/p>\n<p align=\"left\">-bi-mensuel (aux 2 semaines) pour 10 livraisons, 340$ pour la saison<\/p>\n<p align=\"left\"><b>Points de chute\u00a0:<\/b><\/p>\n<div>-\u00c0 la <b>ferme \u00e0 Dunham<\/b>, en tout temps, car nous gardons les boites dans la chambre froide<\/div>\n<div>-\u00c0 <b>Sutton<\/b>, Bagel Round-Top, les jeudis de 16h \u00e0 20h (1 Principale Sud)<\/div>\n<div>-\u00c0 <b>Bromont<\/b>, <a href=\"http:\/\/www.epiceriefutee.com\/\">L&rsquo;\u00c9picerie Fut\u00e9e<\/a>, les jeudis de midi \u00e0 18h (35 rue John Savage)<\/div>\n<p>&nbsp;<\/p>\n<p style=\"text-align: center;\"><a href=\"https:\/\/aupetitboise.com\/fr\/produit\/panier-form\/\">Inscrivez-vous pour des Panier hebdomadaire ou bi-mensuel<\/a><\/p>\n<p style=\"text-align: center;\"><a href=\"\/?p=1386\">Inscrivez-vous pour des paniers panier \u00e0 la demande<\/a><\/p>\n<p align=\"left\"><b>Inscriptions\u00a0:<\/b> \u00c0 partir du 1<sup>er<\/sup> mars. (Places limit\u00e9es, faites vite!)<\/p>\n<p align=\"left\"><b>Personne contact\u00a0: <\/b>Michelle D\u00e9cary<\/p>\n<p align=\"left\"><b>T\u00e9l\u00e9phone\u00a0:<\/b> 450-931-2471<\/p>\n<p align=\"left\"><b>Courriel\u00a0:<\/b> aupetitboise@gmail.com<\/p>\n<p align=\"left\">Ou mieux encore, venez nous rencontrer!<\/p>\n<p style=\"text-align: center;\"><a href=\"https:\/\/aupetitboise.com\/fr\/produit\/panier-form\/\">Inscrivez-vous pour des Panier hebdomadaire ou bi-mensuel<\/a><\/p>\n<p style=\"text-align: center;\"><a href=\"\/?p=1386\">Inscrivez-vous pour des paniers panier \u00e0 la demande<\/a><\/p>\n","protected":false},"excerpt":{"rendered":"<p>Veuillez noter que nous avons arr\u00eat\u00e9 nos activit\u00e9s agricoles commerciales. Connaissez-vous l\u2019agriculture soutenue par la communaut\u00e9 (ASC)? C&rsquo;est comme avoir votre fermier priv\u00e9 qui vous\u00a0 fournira des l\u00e9gumes frais et vari\u00e9s \u00e0 chaque semaine.<\/p>\n","protected":false},"author":3,"featured_media":862,"parent":0,"menu_order":0,"comment_status":"open","ping_status":"open","template":"","meta":{"_genesis_hide_title":false,"_genesis_hide_breadcrumbs":false,"_genesis_hide_singular_image":false,"_genesis_hide_footer_widgets":false,"_genesis_custom_body_class":"","_genesis_custom_post_class":"","_genesis_layout":"","footnotes":""},"class_list":{"0":"post-752","1":"page","2":"type-page","3":"status-publish","4":"has-post-thumbnail","6":"entry"},"_links":{"self":[{"href":"https:\/\/aupetitboise.com\/fr\/wp-json\/wp\/v2\/pages\/752","targetHints":{"allow":["GET"]}}],"collection":[{"href":"https:\/\/aupetitboise.com\/fr\/wp-json\/wp\/v2\/pages"}],"about":[{"href":"https:\/\/aupetitboise.com\/fr\/wp-json\/wp\/v2\/types\/page"}],"author":[{"embeddable":true,"href":"https:\/\/aupetitboise.com\/fr\/wp-json\/wp\/v2\/users\/3"}],"replies":[{"embeddable":true,"href":"https:\/\/aupetitboise.com\/fr\/wp-json\/wp\/v2\/comments?post=752"}],"version-history":[{"count":24,"href":"https:\/\/aupetitboise.com\/fr\/wp-json\/wp\/v2\/pages\/752\/revisions"}],"predecessor-version":[{"id":4613,"href":"https:\/\/aupetitboise.com\/fr\/wp-json\/wp\/v2\/pages\/752\/revisions\/4613"}],"wp:featuredmedia":[{"embeddable":true,"href":"https:\/\/aupetitboise.com\/fr\/wp-json\/wp\/v2\/media\/862"}],"wp:attachment":[{"href":"https:\/\/aupetitboise.com\/fr\/wp-json\/wp\/v2\/media?parent=752"}],"curies":[{"name":"wp","href":"https:\/\/api.w.org\/{rel}","templated":true}]}}