{"id":2148,"date":"2020-10-19T15:50:36","date_gmt":"2020-10-19T15:50:36","guid":{"rendered":"https:\/\/aupetitboise.com\/?page_id=2148"},"modified":"2024-05-02T16:38:00","modified_gmt":"2024-05-02T16:38:00","slug":"provisions","status":"publish","type":"page","link":"https:\/\/aupetitboise.com\/fr\/provisions\/","title":{"rendered":"Provisions"},"content":{"rendered":"<p>Veuillez noter que nous avons arr\u00eat\u00e9 nos activit\u00e9s agricoles commerciales.<\/p>\n<div class=\"woocommerce columns-3 \"><ul class=\"products columns-3\">\n<li class=\"entry product type-product post-2156 status-publish first instock product_cat-provisions-fr has-post-thumbnail purchasable product-type-simple\">\n\t<a href=\"https:\/\/aupetitboise.com\/fr\/produit\/betteraves-5lb\/\" class=\"woocommerce-LoopProduct-link woocommerce-loop-product__link\"><img loading=\"lazy\" decoding=\"async\" width=\"300\" height=\"300\" src=\"https:\/\/aupetitboise.com\/wp-content\/uploads\/IMG_5704-300x300.jpg\" class=\"attachment-woocommerce_thumbnail size-woocommerce_thumbnail\" alt=\"Betteraves 5lb\" srcset=\"https:\/\/aupetitboise.com\/wp-content\/uploads\/IMG_5704-300x300.jpg 300w, https:\/\/aupetitboise.com\/wp-content\/uploads\/IMG_5704-400x400.jpg 400w, https:\/\/aupetitboise.com\/wp-content\/uploads\/IMG_5704-1024x1024.jpg 1024w, https:\/\/aupetitboise.com\/wp-content\/uploads\/IMG_5704-150x150.jpg 150w, https:\/\/aupetitboise.com\/wp-content\/uploads\/IMG_5704-768x768.jpg 768w, https:\/\/aupetitboise.com\/wp-content\/uploads\/IMG_5704-600x600.jpg 600w, https:\/\/aupetitboise.com\/wp-content\/uploads\/IMG_5704-100x100.jpg 100w, https:\/\/aupetitboise.com\/wp-content\/uploads\/IMG_5704.jpg 1512w\" sizes=\"auto, (max-width: 300px) 100vw, 300px\" \/><h2 class=\"woocommerce-loop-product__title\">Betteraves 5lb<\/h2>\n\t<span class=\"price\"><span class=\"woocommerce-Price-amount amount\"><bdi><span class=\"woocommerce-Price-currencySymbol\">&#36;<\/span>11.00<\/bdi><\/span><\/span>\n<\/a><a href=\"\/fr\/wp-json\/wp\/v2\/pages\/2148?add-to-cart=2156\" aria-describedby=\"woocommerce_loop_add_to_cart_link_describedby_2156\" data-quantity=\"1\" class=\"button product_type_simple add_to_cart_button ajax_add_to_cart\" data-product_id=\"2156\" data-product_sku=\"\" aria-label=\"Add to cart: &ldquo;Betteraves 5lb&rdquo;\" rel=\"nofollow\" data-success_message=\"&ldquo;Betteraves 5lb&rdquo; has been added to your cart\" role=\"button\">Ajouter au panier<\/a>\t<span id=\"woocommerce_loop_add_to_cart_link_describedby_2156\" class=\"screen-reader-text\">\n\t\t\t<\/span>\n<\/li>\n<li class=\"entry product type-product post-2157 status-publish instock product_cat-provisions-fr has-post-thumbnail purchasable product-type-simple\">\n\t<a href=\"https:\/\/aupetitboise.com\/fr\/produit\/carottes-oranges-5lb\/\" class=\"woocommerce-LoopProduct-link woocommerce-loop-product__link\"><img loading=\"lazy\" decoding=\"async\" width=\"300\" height=\"300\" src=\"https:\/\/aupetitboise.com\/wp-content\/uploads\/IMG_5701-300x300.jpg\" class=\"attachment-woocommerce_thumbnail size-woocommerce_thumbnail\" alt=\"Carottes Oranges 5lb\" srcset=\"https:\/\/aupetitboise.com\/wp-content\/uploads\/IMG_5701-300x300.jpg 300w, https:\/\/aupetitboise.com\/wp-content\/uploads\/IMG_5701-400x400.jpg 400w, https:\/\/aupetitboise.com\/wp-content\/uploads\/IMG_5701-1024x1024.jpg 1024w, https:\/\/aupetitboise.com\/wp-content\/uploads\/IMG_5701-150x150.jpg 150w, https:\/\/aupetitboise.com\/wp-content\/uploads\/IMG_5701-768x768.jpg 768w, https:\/\/aupetitboise.com\/wp-content\/uploads\/IMG_5701-600x600.jpg 600w, https:\/\/aupetitboise.com\/wp-content\/uploads\/IMG_5701-100x100.jpg 100w, https:\/\/aupetitboise.com\/wp-content\/uploads\/IMG_5701.jpg 1512w\" sizes=\"auto, (max-width: 300px) 100vw, 300px\" \/><h2 class=\"woocommerce-loop-product__title\">Carottes Oranges 5lb<\/h2>\n\t<span class=\"price\"><span class=\"woocommerce-Price-amount amount\"><bdi><span class=\"woocommerce-Price-currencySymbol\">&#36;<\/span>10.00<\/bdi><\/span><\/span>\n<\/a><a href=\"\/fr\/wp-json\/wp\/v2\/pages\/2148?add-to-cart=2157\" aria-describedby=\"woocommerce_loop_add_to_cart_link_describedby_2157\" data-quantity=\"1\" class=\"button product_type_simple add_to_cart_button ajax_add_to_cart\" data-product_id=\"2157\" data-product_sku=\"\" aria-label=\"Add to cart: &ldquo;Carottes Oranges 5lb&rdquo;\" rel=\"nofollow\" data-success_message=\"&ldquo;Carottes Oranges 5lb&rdquo; has been added to your cart\" role=\"button\">Ajouter au panier<\/a>\t<span id=\"woocommerce_loop_add_to_cart_link_describedby_2157\" class=\"screen-reader-text\">\n\t\t\t<\/span>\n<\/li>\n<li class=\"entry product type-product post-2158 status-publish last outofstock product_cat-provisions-fr has-post-thumbnail purchasable product-type-simple\">\n\t<a href=\"https:\/\/aupetitboise.com\/fr\/produit\/carottes-purple-haze-5lb\/\" class=\"woocommerce-LoopProduct-link woocommerce-loop-product__link\"><img loading=\"lazy\" decoding=\"async\" width=\"300\" height=\"300\" src=\"https:\/\/aupetitboise.com\/wp-content\/uploads\/IMG_5699-1-300x300.jpg\" class=\"attachment-woocommerce_thumbnail size-woocommerce_thumbnail\" alt=\"Carottes Purple Haze 5lb\" srcset=\"https:\/\/aupetitboise.com\/wp-content\/uploads\/IMG_5699-1-300x300.jpg 300w, https:\/\/aupetitboise.com\/wp-content\/uploads\/IMG_5699-1-400x400.jpg 400w, https:\/\/aupetitboise.com\/wp-content\/uploads\/IMG_5699-1-1024x1024.jpg 1024w, https:\/\/aupetitboise.com\/wp-content\/uploads\/IMG_5699-1-150x150.jpg 150w, https:\/\/aupetitboise.com\/wp-content\/uploads\/IMG_5699-1-768x768.jpg 768w, https:\/\/aupetitboise.com\/wp-content\/uploads\/IMG_5699-1-600x600.jpg 600w, https:\/\/aupetitboise.com\/wp-content\/uploads\/IMG_5699-1-100x100.jpg 100w, https:\/\/aupetitboise.com\/wp-content\/uploads\/IMG_5699-1-rotated.jpg 1512w\" sizes=\"auto, (max-width: 300px) 100vw, 300px\" \/><h2 class=\"woocommerce-loop-product__title\">Carottes Purple Haze 5lb<\/h2>\n\t<span class=\"price\"><span class=\"woocommerce-Price-amount amount\"><bdi><span class=\"woocommerce-Price-currencySymbol\">&#36;<\/span>10.00<\/bdi><\/span><\/span>\n<\/a><a href=\"https:\/\/aupetitboise.com\/fr\/produit\/carottes-purple-haze-5lb\/\" aria-describedby=\"woocommerce_loop_add_to_cart_link_describedby_2158\" data-quantity=\"1\" class=\"button product_type_simple\" data-product_id=\"2158\" data-product_sku=\"\" aria-label=\"En savoir plus sur &ldquo;Carottes Purple Haze 5lb&rdquo;\" rel=\"nofollow\" data-success_message=\"\">Lire la suite<\/a>\t<span id=\"woocommerce_loop_add_to_cart_link_describedby_2158\" class=\"screen-reader-text\">\n\t\t\t<\/span>\n<\/li>\n<li class=\"entry product type-product post-2159 status-publish first instock product_cat-provisions-fr has-post-thumbnail taxable shipping-taxable purchasable product-type-simple\">\n\t<a href=\"https:\/\/aupetitboise.com\/fr\/produit\/confiture-de-cassis-500ml-black-currant-jam\/\" class=\"woocommerce-LoopProduct-link woocommerce-loop-product__link\"><img loading=\"lazy\" decoding=\"async\" width=\"300\" height=\"300\" src=\"https:\/\/aupetitboise.com\/wp-content\/uploads\/IMG_3379-300x300.jpg\" class=\"attachment-woocommerce_thumbnail size-woocommerce_thumbnail\" alt=\"Confiture de Cassis-500ml-Black Currant Jam\" srcset=\"https:\/\/aupetitboise.com\/wp-content\/uploads\/IMG_3379-300x300.jpg 300w, https:\/\/aupetitboise.com\/wp-content\/uploads\/IMG_3379-150x150.jpg 150w, https:\/\/aupetitboise.com\/wp-content\/uploads\/IMG_3379-100x100.jpg 100w\" sizes=\"auto, (max-width: 300px) 100vw, 300px\" \/><h2 class=\"woocommerce-loop-product__title\">Confiture de Cassis-500ml-Black Currant Jam<\/h2>\n\t<span class=\"price\"><span class=\"woocommerce-Price-amount amount\"><bdi><span class=\"woocommerce-Price-currencySymbol\">&#36;<\/span>12.00<\/bdi><\/span><\/span>\n<\/a><a href=\"\/fr\/wp-json\/wp\/v2\/pages\/2148?add-to-cart=2159\" aria-describedby=\"woocommerce_loop_add_to_cart_link_describedby_2159\" data-quantity=\"1\" class=\"button product_type_simple add_to_cart_button ajax_add_to_cart\" data-product_id=\"2159\" data-product_sku=\"\" aria-label=\"Add to cart: &ldquo;Confiture de Cassis-500ml-Black Currant Jam&rdquo;\" rel=\"nofollow\" data-success_message=\"&ldquo;Confiture de Cassis-500ml-Black Currant Jam&rdquo; has been added to your cart\" role=\"button\">Ajouter au panier<\/a>\t<span id=\"woocommerce_loop_add_to_cart_link_describedby_2159\" class=\"screen-reader-text\">\n\t\t\t<\/span>\n<\/li>\n<li class=\"entry product type-product post-2161 status-publish instock product_cat-provisions-fr has-post-thumbnail taxable shipping-taxable purchasable product-type-simple\">\n\t<a href=\"https:\/\/aupetitboise.com\/fr\/produit\/gelee-de-gadelles-250ml-red-currant-jelly\/\" class=\"woocommerce-LoopProduct-link woocommerce-loop-product__link\"><img loading=\"lazy\" decoding=\"async\" width=\"300\" height=\"300\" src=\"https:\/\/aupetitboise.com\/wp-content\/uploads\/IMG_3361-300x300.jpg\" class=\"attachment-woocommerce_thumbnail size-woocommerce_thumbnail\" alt=\"Gel\u00e9e de gadelles-250ml-Red Currant Jelly\" srcset=\"https:\/\/aupetitboise.com\/wp-content\/uploads\/IMG_3361-300x300.jpg 300w, https:\/\/aupetitboise.com\/wp-content\/uploads\/IMG_3361-150x150.jpg 150w, https:\/\/aupetitboise.com\/wp-content\/uploads\/IMG_3361-100x100.jpg 100w\" sizes=\"auto, (max-width: 300px) 100vw, 300px\" \/><h2 class=\"woocommerce-loop-product__title\">Gel\u00e9e de gadelles-250ml-Red Currant Jelly<\/h2>\n\t<span class=\"price\"><span class=\"woocommerce-Price-amount amount\"><bdi><span class=\"woocommerce-Price-currencySymbol\">&#36;<\/span>7.00<\/bdi><\/span><\/span>\n<\/a><a href=\"\/fr\/wp-json\/wp\/v2\/pages\/2148?add-to-cart=2161\" aria-describedby=\"woocommerce_loop_add_to_cart_link_describedby_2161\" data-quantity=\"1\" class=\"button product_type_simple add_to_cart_button ajax_add_to_cart\" data-product_id=\"2161\" data-product_sku=\"\" aria-label=\"Add to cart: &ldquo;Gel\u00e9e de gadelles-250ml-Red Currant Jelly&rdquo;\" rel=\"nofollow\" data-success_message=\"&ldquo;Gel\u00e9e de gadelles-250ml-Red Currant Jelly&rdquo; has been added to your cart\" role=\"button\">Ajouter au panier<\/a>\t<span id=\"woocommerce_loop_add_to_cart_link_describedby_2161\" class=\"screen-reader-text\">\n\t\t\t<\/span>\n<\/li>\n<li class=\"entry product type-product post-2155 status-publish last instock product_cat-provisions-fr has-post-thumbnail purchasable product-type-simple\">\n\t<a href=\"https:\/\/aupetitboise.com\/fr\/produit\/navets-japonais-hakurei-5lb\/\" class=\"woocommerce-LoopProduct-link woocommerce-loop-product__link\"><img loading=\"lazy\" decoding=\"async\" width=\"300\" height=\"300\" src=\"https:\/\/aupetitboise.com\/wp-content\/uploads\/IMG_5706-300x300.jpg\" class=\"attachment-woocommerce_thumbnail size-woocommerce_thumbnail\" alt=\"Navets Japonais Hakurei 5lb\" srcset=\"https:\/\/aupetitboise.com\/wp-content\/uploads\/IMG_5706-300x300.jpg 300w, https:\/\/aupetitboise.com\/wp-content\/uploads\/IMG_5706-400x400.jpg 400w, https:\/\/aupetitboise.com\/wp-content\/uploads\/IMG_5706-1024x1024.jpg 1024w, https:\/\/aupetitboise.com\/wp-content\/uploads\/IMG_5706-150x150.jpg 150w, https:\/\/aupetitboise.com\/wp-content\/uploads\/IMG_5706-768x768.jpg 768w, https:\/\/aupetitboise.com\/wp-content\/uploads\/IMG_5706-600x600.jpg 600w, https:\/\/aupetitboise.com\/wp-content\/uploads\/IMG_5706-100x100.jpg 100w, https:\/\/aupetitboise.com\/wp-content\/uploads\/IMG_5706.jpg 1512w\" sizes=\"auto, (max-width: 300px) 100vw, 300px\" \/><h2 class=\"woocommerce-loop-product__title\">Navets Japonais Hakurei 5lb<\/h2>\n\t<span class=\"price\"><span class=\"woocommerce-Price-amount amount\"><bdi><span class=\"woocommerce-Price-currencySymbol\">&#36;<\/span>11.00<\/bdi><\/span><\/span>\n<\/a><a href=\"\/fr\/wp-json\/wp\/v2\/pages\/2148?add-to-cart=2155\" aria-describedby=\"woocommerce_loop_add_to_cart_link_describedby_2155\" data-quantity=\"1\" class=\"button product_type_simple add_to_cart_button ajax_add_to_cart\" data-product_id=\"2155\" data-product_sku=\"\" aria-label=\"Add to cart: &ldquo;Navets Japonais Hakurei 5lb&rdquo;\" rel=\"nofollow\" data-success_message=\"&ldquo;Navets Japonais Hakurei 5lb&rdquo; has been added to your cart\" role=\"button\">Ajouter au panier<\/a>\t<span id=\"woocommerce_loop_add_to_cart_link_describedby_2155\" class=\"screen-reader-text\">\n\t\t\t<\/span>\n<\/li>\n<li class=\"entry product type-product post-2260 status-publish first instock product_cat-provisions-fr has-post-thumbnail purchasable product-type-simple\">\n\t<a href=\"https:\/\/aupetitboise.com\/fr\/produit\/oignons-jaunes-5lb\/\" class=\"woocommerce-LoopProduct-link woocommerce-loop-product__link\"><img loading=\"lazy\" decoding=\"async\" width=\"300\" height=\"300\" src=\"https:\/\/aupetitboise.com\/wp-content\/uploads\/IMG_5965-300x300.jpg\" class=\"attachment-woocommerce_thumbnail size-woocommerce_thumbnail\" alt=\"Oignons jaunes 5lb\" srcset=\"https:\/\/aupetitboise.com\/wp-content\/uploads\/IMG_5965-300x300.jpg 300w, https:\/\/aupetitboise.com\/wp-content\/uploads\/IMG_5965-400x400.jpg 400w, https:\/\/aupetitboise.com\/wp-content\/uploads\/IMG_5965-150x150.jpg 150w, https:\/\/aupetitboise.com\/wp-content\/uploads\/IMG_5965-600x600.jpg 600w, https:\/\/aupetitboise.com\/wp-content\/uploads\/IMG_5965-100x100.jpg 100w, https:\/\/aupetitboise.com\/wp-content\/uploads\/IMG_5965-rotated.jpg 640w\" sizes=\"auto, (max-width: 300px) 100vw, 300px\" \/><h2 class=\"woocommerce-loop-product__title\">Oignons jaunes 5lb<\/h2>\n\t<span class=\"price\"><span class=\"woocommerce-Price-amount amount\"><bdi><span class=\"woocommerce-Price-currencySymbol\">&#36;<\/span>10.00<\/bdi><\/span><\/span>\n<\/a><a href=\"\/fr\/wp-json\/wp\/v2\/pages\/2148?add-to-cart=2260\" aria-describedby=\"woocommerce_loop_add_to_cart_link_describedby_2260\" data-quantity=\"1\" class=\"button product_type_simple add_to_cart_button ajax_add_to_cart\" data-product_id=\"2260\" data-product_sku=\"\" aria-label=\"Add to cart: &ldquo;Oignons jaunes 5lb&rdquo;\" rel=\"nofollow\" data-success_message=\"&ldquo;Oignons jaunes 5lb&rdquo; has been added to your cart\" role=\"button\">Ajouter au panier<\/a>\t<span id=\"woocommerce_loop_add_to_cart_link_describedby_2260\" class=\"screen-reader-text\">\n\t\t\t<\/span>\n<\/li>\n<\/ul>\n<\/div>\n","protected":false},"excerpt":{"rendered":"<p>Veuillez noter que nous avons arr\u00eat\u00e9 nos activit\u00e9s agricoles commerciales.<\/p>\n","protected":false},"author":3,"featured_media":0,"parent":0,"menu_order":0,"comment_status":"closed","ping_status":"closed","template":"","meta":{"_genesis_hide_title":false,"_genesis_hide_breadcrumbs":false,"_genesis_hide_singular_image":false,"_genesis_hide_footer_widgets":false,"_genesis_custom_body_class":"","_genesis_custom_post_class":"","_genesis_layout":"","footnotes":""},"class_list":{"0":"post-2148","1":"page","2":"type-page","3":"status-publish","5":"entry"},"_links":{"self":[{"href":"https:\/\/aupetitboise.com\/fr\/wp-json\/wp\/v2\/pages\/2148","targetHints":{"allow":["GET"]}}],"collection":[{"href":"https:\/\/aupetitboise.com\/fr\/wp-json\/wp\/v2\/pages"}],"about":[{"href":"https:\/\/aupetitboise.com\/fr\/wp-json\/wp\/v2\/types\/page"}],"author":[{"embeddable":true,"href":"https:\/\/aupetitboise.com\/fr\/wp-json\/wp\/v2\/users\/3"}],"replies":[{"embeddable":true,"href":"https:\/\/aupetitboise.com\/fr\/wp-json\/wp\/v2\/comments?post=2148"}],"version-history":[{"count":5,"href":"https:\/\/aupetitboise.com\/fr\/wp-json\/wp\/v2\/pages\/2148\/revisions"}],"predecessor-version":[{"id":4614,"href":"https:\/\/aupetitboise.com\/fr\/wp-json\/wp\/v2\/pages\/2148\/revisions\/4614"}],"wp:attachment":[{"href":"https:\/\/aupetitboise.com\/fr\/wp-json\/wp\/v2\/media?parent=2148"}],"curies":[{"name":"wp","href":"https:\/\/api.w.org\/{rel}","templated":true}]}}