{"id":1379,"date":"2019-02-16T07:10:08","date_gmt":"2019-02-16T07:10:08","guid":{"rendered":"https:\/\/aupetitboise.com\/?page_id=1379"},"modified":"2024-05-02T16:36:55","modified_gmt":"2024-05-02T16:36:55","slug":"semis-form","status":"publish","type":"page","link":"https:\/\/aupetitboise.com\/fr\/semis-form\/","title":{"rendered":"Commande de Semis"},"content":{"rendered":"<!--  -->\r\n<p>&nbsp;<\/p>\r\n<h3>Veuillez noter que nous avons arr\u00eat\u00e9 nos activit\u00e9s agricoles commerciales.<\/h3>\r\n\r\n\r\n","protected":false},"excerpt":{"rendered":"<p>&nbsp; Veuillez noter que nous avons arr\u00eat\u00e9 nos activit\u00e9s agricoles commerciales.<\/p>\n","protected":false},"author":3,"featured_media":0,"parent":0,"menu_order":0,"comment_status":"closed","ping_status":"closed","template":"","meta":{"_genesis_hide_title":false,"_genesis_hide_breadcrumbs":false,"_genesis_hide_singular_image":false,"_genesis_hide_footer_widgets":false,"_genesis_custom_body_class":"","_genesis_custom_post_class":"","_genesis_layout":"full-width-content","footnotes":""},"class_list":{"0":"post-1379","1":"page","2":"type-page","3":"status-publish","5":"entry"},"_links":{"self":[{"href":"https:\/\/aupetitboise.com\/fr\/wp-json\/wp\/v2\/pages\/1379","targetHints":{"allow":["GET"]}}],"collection":[{"href":"https:\/\/aupetitboise.com\/fr\/wp-json\/wp\/v2\/pages"}],"about":[{"href":"https:\/\/aupetitboise.com\/fr\/wp-json\/wp\/v2\/types\/page"}],"author":[{"embeddable":true,"href":"https:\/\/aupetitboise.com\/fr\/wp-json\/wp\/v2\/users\/3"}],"replies":[{"embeddable":true,"href":"https:\/\/aupetitboise.com\/fr\/wp-json\/wp\/v2\/comments?post=1379"}],"version-history":[{"count":14,"href":"https:\/\/aupetitboise.com\/fr\/wp-json\/wp\/v2\/pages\/1379\/revisions"}],"predecessor-version":[{"id":4612,"href":"https:\/\/aupetitboise.com\/fr\/wp-json\/wp\/v2\/pages\/1379\/revisions\/4612"}],"wp:attachment":[{"href":"https:\/\/aupetitboise.com\/fr\/wp-json\/wp\/v2\/media?parent=1379"}],"curies":[{"name":"wp","href":"https:\/\/api.w.org\/{rel}","templated":true}]}}