{"id":1075,"date":"2015-04-30T01:34:35","date_gmt":"2015-04-30T01:34:35","guid":{"rendered":"http:\/\/aupetitboise.com\/?page_id=1075"},"modified":"2024-05-02T16:38:30","modified_gmt":"2024-05-02T16:38:30","slug":"visite-de-ferme","status":"publish","type":"page","link":"https:\/\/aupetitboise.com\/fr\/visite-de-ferme\/","title":{"rendered":"Visite de ferme"},"content":{"rendered":"<p>Veuillez noter que nous avons arr\u00eat\u00e9 nos activit\u00e9s agricoles commerciales.<\/p>\n<p><a href=\"http:\/\/aupetitboise.com\/wp-content\/uploads\/IMG_4625.jpg\"><img loading=\"lazy\" decoding=\"async\" class=\"alignnone size-medium wp-image-886\" src=\"http:\/\/aupetitboise.com\/wp-content\/uploads\/IMG_4625-400x300.jpg\" alt=\"IMG_4625\" width=\"400\" height=\"300\" srcset=\"https:\/\/aupetitboise.com\/wp-content\/uploads\/IMG_4625-400x300.jpg 400w, https:\/\/aupetitboise.com\/wp-content\/uploads\/IMG_4625-600x450.jpg 600w, https:\/\/aupetitboise.com\/wp-content\/uploads\/IMG_4625-1024x768.jpg 1024w, https:\/\/aupetitboise.com\/wp-content\/uploads\/IMG_4625.jpg 1400w\" sizes=\"auto, (max-width: 400px) 100vw, 400px\" \/><\/a><\/p>\n<p><strong>Visite g\u00e9n\u00e9rale de base<\/strong><br \/>\nLa visite g\u00e9n\u00e9rale implique une tourn\u00e9e de nos jardins de l\u00e9gumes et d&rsquo;herbes, des vergers de fruits et de noix, de la champignonneraie, la serre, les \u00e9tangs, les diguettes (swales), les b\u00e2timents \u00e9cologiques, l\u2019\u00e9quipement de conservation et d&rsquo;entreposage des aliments, et la for\u00eat de feuillus. Les visiteurs sont invit\u00e9s \u00e0 apporter leur go\u00fbter pour pique-niquer sur place ou se saucer dans un des \u00e9tangs par une chaude journ\u00e9e d&rsquo;\u00e9t\u00e9.<\/p>\n<p>Voici les dates de visites pr\u00e9-d\u00e9termin\u00e9es pour 2020, vous pouvez arriver seul ou en groupe (15$ par personne):<\/p>\n<ul>\n<li>dimanche 29 mai 2022 de 13h \u00e0 15h<\/li>\n<\/ul>\n<p>Si vous voulez venir faire une visite un autre jour, SVP nous contacter.<\/p>\n<p>Dur\u00e9e: environ 2 heures<br \/>\nCo\u00fbt: 15 $ \/ personne pour les groupes de cinq personnes ou plus; ou $ 75 minimum. N\u00e9gociable pour les organismes \u00e0 but non lucratif et des programmes \u00e9ducatifs. Les possibilit\u00e9s de b\u00e9n\u00e9volat et de <a href=\"https:\/\/aupetitboise.com\/fr\/stagiaires-aides\/\">stages<\/a> existent aussi pour ceux qui souhaitent avoir une exp\u00e9rience d\u2019apprentissage en profondeur.<\/p>\n<p><a href=\"http:\/\/aupetitboise.com\/wp-content\/uploads\/Circle.jpg\"><img loading=\"lazy\" decoding=\"async\" class=\"alignnone size-medium wp-image-1064\" src=\"http:\/\/aupetitboise.com\/wp-content\/uploads\/Circle-400x265.jpg\" alt=\"Circle\" width=\"400\" height=\"265\" srcset=\"https:\/\/aupetitboise.com\/wp-content\/uploads\/Circle-400x265.jpg 400w, https:\/\/aupetitboise.com\/wp-content\/uploads\/Circle-600x399.jpg 600w, https:\/\/aupetitboise.com\/wp-content\/uploads\/Circle-1024x680.jpg 1024w, https:\/\/aupetitboise.com\/wp-content\/uploads\/Circle.jpg 1504w\" sizes=\"auto, (max-width: 400px) 100vw, 400px\" \/><\/a><\/p>\n<p><strong>Programme \u00e9ducatif<\/strong><strong> participatif<\/strong><br \/>\nLa visite \u00e9ducative est destin\u00e9e aux \u00e9tudiants du secondaire, du c\u00e9gep ou de l\u2019universit\u00e9, ou tout autre groupe int\u00e9ress\u00e9 au fonctionnement de la ferme. Cette activit\u00e9 comporte trois volets\u00a0: une conf\u00e9rence power-point d\u00e9taillant l\u2019\u00e9volution de la ferme, la visite g\u00e9n\u00e9rale d\u00e9crite ci-dessus, et une activit\u00e9 pratique avec les participants qui permettra aux \u00e9tudiants d&rsquo;acqu\u00e9rir des connaissances et des comp\u00e9tences gr\u00e2ce \u00e0 la participation directe. La section pratique pourrait inclure semer des graines, le repiquage des plants, la pr\u00e9paration des lits avec des outils manuels, la r\u00e9colte de l\u00e9gumes, fruits, herbes, ou champignons, couper du bois de chauffage, ou toute autre t\u00e2che requise \u00e0 la ferme \u00e0 ce moment particulier.<br \/>\nDur\u00e9e: 4 heures (30 minutes de diapo, visite de deux heures, 30 minutes pause-d\u00eener, une heure travail pratique)<br \/>\nFrais: 10 $ \/ personne; ou 150 $ minimum<\/p>\n<p><strong>Visite<\/strong><strong> personnalis\u00e9e<\/strong><br \/>\nLa visite personnalis\u00e9e est con\u00e7ue pour les individus et les groupes qui cherchent des informations et de l\u2019inspiration pour le d\u00e9veloppement de leur propre site, que ce soit commercial, institutionnel ou r\u00e9sidentiel. Les besoins et int\u00e9r\u00eats des visiteurs d\u00e9termineront l\u2019accent de la visite, en se concentrant sur l&rsquo;examen global du syst\u00e8me ou des composantes sp\u00e9cifiques du syst\u00e8me (par exemple, la gestion de l&rsquo;eau, les jardins, le verger, etc.).<br \/>\nDur\u00e9e: 2 \u00e0 5 heures, selon les besoins de l&rsquo;individu ou du groupe.<br \/>\nFrais: 50 $ \/ heure<\/p>\n<p>S&rsquo;il vous pla\u00eet envoyez-nous un courriel (aupetitboise@gmail.com) \u00e0 l&rsquo;avance plut\u00f4t que de simplement vous pr\u00e9senter afin que nous puissions organiser notre horaire de travail en cons\u00e9quence.<\/p>\n<p>Au plaisir de vous rencontrer!<\/p>\n","protected":false},"excerpt":{"rendered":"<p>Veuillez noter que nous avons arr\u00eat\u00e9 nos activit\u00e9s agricoles commerciales. Visite g\u00e9n\u00e9rale de base La visite g\u00e9n\u00e9rale implique une tourn\u00e9e de nos jardins de l\u00e9gumes et d&rsquo;herbes, des vergers de fruits et de noix, de la champignonneraie, la serre, les \u00e9tangs, les diguettes (swales), les b\u00e2timents \u00e9cologiques, l\u2019\u00e9quipement de conservation et d&rsquo;entreposage des aliments, et [&hellip;]<\/p>\n","protected":false},"author":3,"featured_media":860,"parent":0,"menu_order":0,"comment_status":"open","ping_status":"open","template":"","meta":{"_genesis_hide_title":false,"_genesis_hide_breadcrumbs":false,"_genesis_hide_singular_image":false,"_genesis_hide_footer_widgets":false,"_genesis_custom_body_class":"","_genesis_custom_post_class":"","_genesis_layout":"","footnotes":""},"class_list":{"0":"post-1075","1":"page","2":"type-page","3":"status-publish","4":"has-post-thumbnail","6":"entry"},"_links":{"self":[{"href":"https:\/\/aupetitboise.com\/fr\/wp-json\/wp\/v2\/pages\/1075","targetHints":{"allow":["GET"]}}],"collection":[{"href":"https:\/\/aupetitboise.com\/fr\/wp-json\/wp\/v2\/pages"}],"about":[{"href":"https:\/\/aupetitboise.com\/fr\/wp-json\/wp\/v2\/types\/page"}],"author":[{"embeddable":true,"href":"https:\/\/aupetitboise.com\/fr\/wp-json\/wp\/v2\/users\/3"}],"replies":[{"embeddable":true,"href":"https:\/\/aupetitboise.com\/fr\/wp-json\/wp\/v2\/comments?post=1075"}],"version-history":[{"count":22,"href":"https:\/\/aupetitboise.com\/fr\/wp-json\/wp\/v2\/pages\/1075\/revisions"}],"predecessor-version":[{"id":4615,"href":"https:\/\/aupetitboise.com\/fr\/wp-json\/wp\/v2\/pages\/1075\/revisions\/4615"}],"wp:featuredmedia":[{"embeddable":true,"href":"https:\/\/aupetitboise.com\/fr\/wp-json\/wp\/v2\/media\/860"}],"wp:attachment":[{"href":"https:\/\/aupetitboise.com\/fr\/wp-json\/wp\/v2\/media?parent=1075"}],"curies":[{"name":"wp","href":"https:\/\/api.w.org\/{rel}","templated":true}]}}